{"id":791,"date":"2020-01-16T01:48:36","date_gmt":"2020-01-16T00:48:36","guid":{"rendered":"https:\/\/diamond.freer.org\/affirmations\/"},"modified":"2020-01-16T03:11:06","modified_gmt":"2020-01-16T02:11:06","slug":"affirmations","status":"publish","type":"page","link":"https:\/\/freer.org\/fr\/affirmations\/","title":{"rendered":"Affirmations"},"content":{"rendered":"<div id=\"pl-381\" class=\"panel-layout\">\n<div id=\"pg-381-0\" class=\"panel-grid panel-no-style\">\n<div id=\"pgc-381-0-0\" class=\"panel-grid-cell\" data-weight=\"1\">\n<div id=\"panel-381-0-0-0\" class=\"so-panel widget widget_sow-editor panel-first-child\" data-index=\"0\" data-style='{\"background_image_attachment\":false,\"background_display\":\"tile\",\"kt_animation_duration\":\"default\",\"kt_animation_delay\":\"default\"}'>\n<div class=\"so-widget-sow-editor so-widget-sow-editor-base\">\n<div class=\"siteorigin-widget-tinymce textwidget\">\n<figure id=\"attachment_146\" class=\"thumbnail wp-caption alignleft\" style=\"width: 466px\"><img loading=\"lazy\" decoding=\"async\" src=\"https:\/\/freer.org\/wp-content\/uploads\/2011\/12\/affirmations.jpg\" alt=\"\" width=\"466\" height=\"276\" class=\"size-full wp-image-146\" srcset=\"https:\/\/diamond.freer.org\/wp-content\/uploads\/2011\/12\/affirmations.jpg 466w, https:\/\/diamond.freer.org\/wp-content\/uploads\/2011\/12\/affirmations-300x177.jpg 300w, https:\/\/diamond.freer.org\/wp-content\/uploads\/2011\/12\/affirmations-240x142.jpg 240w\" sizes=\"auto, (max-width: 466px) 100vw, 466px\"><figcaption class=\"caption wp-caption-text\">Iguazu Falls, Brazil par Tony Hathaway<\/figcaption><\/figure>\n<h3>Que sont les affirmations?<\/h3>\n<p>Les affirmations sont des d\u00e9clarations positives prononc\u00e9es au pr\u00e9sent qui \u00ab affirment \u00bb une r\u00e9alit\u00e9 que nous voulons. En r\u00e9p\u00e9tant ces d\u00e9clarations r\u00e9guli\u00e8rement (au moins trois fois, trois fois par jour), elles deviennent quelque chose en quoi vous croyez et qui est une r\u00e9alit\u00e9 de votre vie.<\/p>\n<p>Il est dit \u00ab au d\u00e9but \u00e9tait le verbe \u00bb, et c\u2019est une certitude que les mots que vous utilisez ont un pouvoir. En faisant un choix conscient de prononcer des mots d\u00e9finissant la v\u00e9rit\u00e9 que vous recherchez, vous laissez cette v\u00e9rit\u00e9 p\u00e9n\u00e9trer votre vie. En d\u2019autres termes, \u00ab la forme suit la pens\u00e9e \u00bb alors pensez positif pour permettre aux bonnes choses de se produire.<\/p>\n<p>Essayez, vous serez agr\u00e9ablement surpris. Mais comme toutes ces techniques, il faut au moins trois semaines d\u2019utilisation r\u00e9guli\u00e8re avant d\u2019\u00e9valuer les r\u00e9sultats.<\/p>\n<\/div>\n<\/div>\n<\/div>\n<div id=\"panel-381-0-0-1\" class=\"so-panel widget widget_sow-editor\" data-index=\"1\" data-style='{\"background_image_attachment\":false,\"background_display\":\"tile\",\"kt_animation_duration\":\"default\",\"kt_animation_delay\":\"default\"}'>\n<div class=\"so-widget-sow-editor so-widget-sow-editor-base\">\n<div class=\"siteorigin-widget-tinymce textwidget\">\n<h3>Comment pouvons-nous utiliser des affirmations dans notre travail commun?<\/h3>\n<p>En \u00e9coutant votre histoire, je deviens consciente des croyances cach\u00e9es qui peuvent vous emp\u00eacher de faire les changements que vous avez consciemment d\u00e9cid\u00e9s de faire pour am\u00e9liorer votre situation. Ensemble nous d\u00e9veloppons les affirmations qui vous sont adapt\u00e9es afin de vous aider \u00e0 changer votre attitude et vos attentes.<\/p>\n<p>Notre subconscient r\u00e9pond aux messages que nous lui envoyons. M\u00eame si nous ne sommes pas conscients de nos pens\u00e9es, elles sont re\u00e7ues et prises en compte par notre moi profond. Ainsi les croyances telles \u00ab je suis quelqu\u2019un de mauvais \u00bb, \u00ab l\u2019argent est \u00e0 la base de tout le mal \u00bb, \u00ab je vais avoir le cancer \u00bb, nous gardent dans une bulle d\u2019\u00e9nergie n\u00e9gative et nous rendent incapables d\u2019exp\u00e9rimenter la joie v\u00e9ritable m\u00eame si ces croyances sont tenues en dessous du niveau de conscience habituel. Pour avoir une vision plus positive de la vie il est important dans le processus de conseil spirituel de faire remonter ces croyances \u00e0 la surface et de les transformer. Remplacer les sch\u00e9mas de pens\u00e9e n\u00e9gatifs par des affirmations positives est un des outils que nous utilisons dans ce travail.<\/p>\n<p>Les affirmations peuvent aussi \u00eatre utilis\u00e9es pour \u00e9tablir de nouvelles habitudes m\u00eame si il n\u2019y a pas de croyance n\u00e9gative g\u00eanant les manifestations de votre nouveau comportement. Par exemple \u00ab je remercie tous les jour pour l\u2019abondance dans ma vie \u00bb peut renforcer votre habitude d\u2019exprimer la gratitude. Ce simple mantra peut vous rappeler votre gratitude et vous aider \u00e0 rester humble face aux myst\u00e8res de l\u2019univers. Puisque l\u2019ego est le plus grand obstacle pour se r\u00e9aliser, toute affirmation qui aide l\u2019ego \u00e0 se voir dans ses v\u00e9ritables proportions va cr\u00e9er un espace dans lequel votre \u00e2me va go\u00fbter la joie.<\/p>\n<p>Je crois fermement qu\u2019il faut aller \u00e9tape par \u00e9tape vers un but, quels que soient les r\u00e9sultats que vous recherchez. Alors je vous encourage \u00e0 d\u00e9velopper des affirmations qui rel\u00e8vent le d\u00e9fi des \u00e9preuves imm\u00e9diatement devant vous, car, en surmontant celles-ci avec succ\u00e8s, vous vous rapprochez de la r\u00e9alit\u00e9 souhait\u00e9e.<\/p>\n<\/div>\n<\/div>\n<\/div>\n<div id=\"panel-381-0-0-2\" class=\"so-panel widget widget_sow-editor\" data-index=\"2\" data-style='{\"class\":\"bluebox\",\"background_image_attachment\":false,\"background_display\":\"tile\",\"kt_animation_duration\":\"default\",\"kt_animation_delay\":\"default\"}'>\n<div class=\"bluebox panel-widget-style panel-widget-style-for-381-0-0-2\">\n<div class=\"so-widget-sow-editor so-widget-sow-editor-base\">\n<div class=\"siteorigin-widget-tinymce textwidget\">\n<h3 style=\"\">AUTEURS \/ TEXTES RECOMMAND\u00c9S<\/h3>\n<p>Catherine Ponder <a href=\"http:\/\/www.amazon.com\/gp\/redirect.html?ie=UTF8&amp;location=http:\/\/www.amazon.com\/Dynamic-Laws-Healing-Catherine-Ponder\/dp\/0875161561\/sr=1-3\/qid=1160979411?ie=UTF8&amp;s=books&amp;tag=jeanefreerspi-20&amp;linkCode=ur2&amp;camp=1789&amp;creative=9325\"><em>Dynamic Laws of Healing<\/em><\/a> 1966<\/p>\n<p>Ernest E. Munday <u><em>Studies in Self-Healing<\/em><\/u> 1923<\/p>\n<p>Deepak Chopra <a href=\"http:\/\/www.amazon.com\/gp\/redirect.html?ie=UTF8&amp;location=http:\/\/www.amazon.com\/Seven-Spiritual-Laws-Success-Fulfillment\/dp\/1878424114\/sr=1-2\/qid=1160979698?ie=UTF8&amp;s=books&amp;tag=jeanefreerspi-20&amp;linkCode=ur2&amp;camp=1789&amp;creative=9325\"><em>Seven Spiritual Laws of Success<\/em><\/a> 1994<\/p>\n<p>Louise Hay <a href=\"http:\/\/www.amazon.com\/Heal-Your-Body-Louise-Hay\/dp\/0937611352\/sr=1-2\/qid=1160979770\/ref=sr_1_2\/104-2071528-6785527?ie=UTF8&amp;s=books\"><i>Heal Your Body<\/i><\/a> 1984<\/p>\n<\/div>\n<\/div>\n<\/div>\n<\/div>\n<div id=\"panel-381-0-0-3\" class=\"so-panel widget widget_sow-editor panel-last-child\" data-index=\"3\" data-style='{\"class\":\"bluebox\",\"background_image_attachment\":false,\"background_display\":\"tile\",\"kt_animation_duration\":\"default\",\"kt_animation_delay\":\"default\"}'>\n<div class=\"bluebox panel-widget-style panel-widget-style-for-381-0-0-3\">\n<div class=\"so-widget-sow-editor so-widget-sow-editor-base\">\n<div class=\"siteorigin-widget-tinymce textwidget\">\n<h3>LIENS<\/h3>\n<p><a href=\"http:\/\/www.hayhouseradio.com\/\">www.hayhouse.com \u2013 radio internet<\/a><\/p>\n<\/div>\n<\/div>\n<\/div>\n<\/div>\n<\/div>\n<\/div>\n<\/div>\n","protected":false},"excerpt":{"rendered":"<p>Iguazu Falls, Brazil par Tony Hathaway Que sont les affirmations? Les affirmations sont des d\u00e9clarations positives prononc\u00e9es au pr\u00e9sent qui \u00ab affirment \u00bb une r\u00e9alit\u00e9 que nous voulons. En r\u00e9p\u00e9tant ces d\u00e9clarations r\u00e9guli\u00e8rement (au moins trois fois, trois fois par &hellip; <a class=\"kt-excerpt-readmore\" href=\"https:\/\/freer.org\/fr\/affirmations\/\" aria-label=\"Affirmations\">Lire la suite<\/a><\/p>\n","protected":false},"author":1,"featured_media":0,"parent":0,"menu_order":20,"comment_status":"closed","ping_status":"closed","template":"","meta":{"kt_blocks_editor_width":"","_kad_blocks_custom_css":"","_kad_blocks_head_custom_js":"","_kad_blocks_body_custom_js":"","_kad_blocks_footer_custom_js":"","footnotes":""},"class_list":["post-791","page","type-page","status-publish","hentry"],"yoast_head":"<!-- This site is optimized with the Yoast SEO plugin v26.8 - https:\/\/yoast.com\/product\/yoast-seo-wordpress\/ -->\n<title>Affirmations - Freer Conseiller Spirituel<\/title>\n<meta name=\"robots\" content=\"index, follow, max-snippet:-1, max-image-preview:large, max-video-preview:-1\" \/>\n<link rel=\"canonical\" href=\"https:\/\/freer.org\/fr\/affirmations\/\" \/>\n<meta property=\"og:locale\" content=\"fr_FR\" \/>\n<meta property=\"og:type\" content=\"article\" \/>\n<meta property=\"og:title\" content=\"Affirmations - Freer Conseiller Spirituel\" \/>\n<meta property=\"og:description\" content=\"Iguazu Falls, Brazil par Tony Hathaway Que sont les affirmations? Les affirmations sont des d\u00e9clarations positives prononc\u00e9es au pr\u00e9sent qui \u00ab affirment \u00bb une r\u00e9alit\u00e9 que nous voulons. En r\u00e9p\u00e9tant ces d\u00e9clarations r\u00e9guli\u00e8rement (au moins trois fois, trois fois par &hellip; Lire la suite\" \/>\n<meta property=\"og:url\" content=\"https:\/\/freer.org\/fr\/affirmations\/\" \/>\n<meta property=\"og:site_name\" content=\"Freer Conseiller Spirituel\" \/>\n<meta property=\"article:modified_time\" content=\"2020-01-16T02:11:06+00:00\" \/>\n<meta property=\"og:image\" content=\"https:\/\/freer.org\/wp-content\/uploads\/2011\/12\/affirmations.jpg\" \/>\n<meta name=\"twitter:card\" content=\"summary_large_image\" \/>\n<meta name=\"twitter:label1\" content=\"Dur\u00e9e de lecture estim\u00e9e\" \/>\n\t<meta name=\"twitter:data1\" content=\"3 minutes\" \/>\n<script type=\"application\/ld+json\" class=\"yoast-schema-graph\">{\"@context\":\"https:\/\/schema.org\",\"@graph\":[{\"@type\":\"WebPage\",\"@id\":\"https:\/\/freer.org\/fr\/affirmations\/\",\"url\":\"https:\/\/freer.org\/fr\/affirmations\/\",\"name\":\"Affirmations - Freer Conseiller Spirituel\",\"isPartOf\":{\"@id\":\"https:\/\/freer.org\/fr\/#website\"},\"primaryImageOfPage\":{\"@id\":\"https:\/\/freer.org\/fr\/affirmations\/#primaryimage\"},\"image\":{\"@id\":\"https:\/\/freer.org\/fr\/affirmations\/#primaryimage\"},\"thumbnailUrl\":\"https:\/\/freer.org\/wp-content\/uploads\/2011\/12\/affirmations.jpg\",\"datePublished\":\"2020-01-16T00:48:36+00:00\",\"dateModified\":\"2020-01-16T02:11:06+00:00\",\"breadcrumb\":{\"@id\":\"https:\/\/freer.org\/fr\/affirmations\/#breadcrumb\"},\"inLanguage\":\"fr-FR\",\"potentialAction\":[{\"@type\":\"ReadAction\",\"target\":[\"https:\/\/freer.org\/fr\/affirmations\/\"]}]},{\"@type\":\"ImageObject\",\"inLanguage\":\"fr-FR\",\"@id\":\"https:\/\/freer.org\/fr\/affirmations\/#primaryimage\",\"url\":\"https:\/\/freer.org\/wp-content\/uploads\/2011\/12\/affirmations.jpg\",\"contentUrl\":\"https:\/\/freer.org\/wp-content\/uploads\/2011\/12\/affirmations.jpg\"},{\"@type\":\"BreadcrumbList\",\"@id\":\"https:\/\/freer.org\/fr\/affirmations\/#breadcrumb\",\"itemListElement\":[{\"@type\":\"ListItem\",\"position\":1,\"name\":\"Home\",\"item\":\"https:\/\/freer.org\/fr\/\"},{\"@type\":\"ListItem\",\"position\":2,\"name\":\"Affirmations\"}]},{\"@type\":\"WebSite\",\"@id\":\"https:\/\/freer.org\/fr\/#website\",\"url\":\"https:\/\/freer.org\/fr\/\",\"name\":\"Freer Conseiller Spirituel\",\"description\":\"Jeane F. Diamond - Conseiller spirituel \u00e0 Paris et en Australie\",\"potentialAction\":[{\"@type\":\"SearchAction\",\"target\":{\"@type\":\"EntryPoint\",\"urlTemplate\":\"https:\/\/freer.org\/fr\/?s={search_term_string}\"},\"query-input\":{\"@type\":\"PropertyValueSpecification\",\"valueRequired\":true,\"valueName\":\"search_term_string\"}}],\"inLanguage\":\"fr-FR\"}]}<\/script>\n<!-- \/ Yoast SEO plugin. -->","yoast_head_json":{"title":"Affirmations - Freer Conseiller Spirituel","robots":{"index":"index","follow":"follow","max-snippet":"max-snippet:-1","max-image-preview":"max-image-preview:large","max-video-preview":"max-video-preview:-1"},"canonical":"https:\/\/freer.org\/fr\/affirmations\/","og_locale":"fr_FR","og_type":"article","og_title":"Affirmations - Freer Conseiller Spirituel","og_description":"Iguazu Falls, Brazil par Tony Hathaway Que sont les affirmations? Les affirmations sont des d\u00e9clarations positives prononc\u00e9es au pr\u00e9sent qui \u00ab affirment \u00bb une r\u00e9alit\u00e9 que nous voulons. En r\u00e9p\u00e9tant ces d\u00e9clarations r\u00e9guli\u00e8rement (au moins trois fois, trois fois par &hellip; Lire la suite","og_url":"https:\/\/freer.org\/fr\/affirmations\/","og_site_name":"Freer Conseiller Spirituel","article_modified_time":"2020-01-16T02:11:06+00:00","og_image":[{"url":"https:\/\/freer.org\/wp-content\/uploads\/2011\/12\/affirmations.jpg","type":"","width":"","height":""}],"twitter_card":"summary_large_image","twitter_misc":{"Dur\u00e9e de lecture estim\u00e9e":"3 minutes"},"schema":{"@context":"https:\/\/schema.org","@graph":[{"@type":"WebPage","@id":"https:\/\/freer.org\/fr\/affirmations\/","url":"https:\/\/freer.org\/fr\/affirmations\/","name":"Affirmations - Freer Conseiller Spirituel","isPartOf":{"@id":"https:\/\/freer.org\/fr\/#website"},"primaryImageOfPage":{"@id":"https:\/\/freer.org\/fr\/affirmations\/#primaryimage"},"image":{"@id":"https:\/\/freer.org\/fr\/affirmations\/#primaryimage"},"thumbnailUrl":"https:\/\/freer.org\/wp-content\/uploads\/2011\/12\/affirmations.jpg","datePublished":"2020-01-16T00:48:36+00:00","dateModified":"2020-01-16T02:11:06+00:00","breadcrumb":{"@id":"https:\/\/freer.org\/fr\/affirmations\/#breadcrumb"},"inLanguage":"fr-FR","potentialAction":[{"@type":"ReadAction","target":["https:\/\/freer.org\/fr\/affirmations\/"]}]},{"@type":"ImageObject","inLanguage":"fr-FR","@id":"https:\/\/freer.org\/fr\/affirmations\/#primaryimage","url":"https:\/\/freer.org\/wp-content\/uploads\/2011\/12\/affirmations.jpg","contentUrl":"https:\/\/freer.org\/wp-content\/uploads\/2011\/12\/affirmations.jpg"},{"@type":"BreadcrumbList","@id":"https:\/\/freer.org\/fr\/affirmations\/#breadcrumb","itemListElement":[{"@type":"ListItem","position":1,"name":"Home","item":"https:\/\/freer.org\/fr\/"},{"@type":"ListItem","position":2,"name":"Affirmations"}]},{"@type":"WebSite","@id":"https:\/\/freer.org\/fr\/#website","url":"https:\/\/freer.org\/fr\/","name":"Freer Conseiller Spirituel","description":"Jeane F. Diamond - Conseiller spirituel \u00e0 Paris et en Australie","potentialAction":[{"@type":"SearchAction","target":{"@type":"EntryPoint","urlTemplate":"https:\/\/freer.org\/fr\/?s={search_term_string}"},"query-input":{"@type":"PropertyValueSpecification","valueRequired":true,"valueName":"search_term_string"}}],"inLanguage":"fr-FR"}]}},"taxonomy_info":[],"featured_image_src_large":false,"author_info":{"display_name":"admin","author_link":"https:\/\/freer.org\/fr\/author\/admin\/"},"comment_info":0,"_links":{"self":[{"href":"https:\/\/freer.org\/fr\/wp-json\/wp\/v2\/pages\/791","targetHints":{"allow":["GET"]}}],"collection":[{"href":"https:\/\/freer.org\/fr\/wp-json\/wp\/v2\/pages"}],"about":[{"href":"https:\/\/freer.org\/fr\/wp-json\/wp\/v2\/types\/page"}],"author":[{"embeddable":true,"href":"https:\/\/freer.org\/fr\/wp-json\/wp\/v2\/users\/1"}],"replies":[{"embeddable":true,"href":"https:\/\/freer.org\/fr\/wp-json\/wp\/v2\/comments?post=791"}],"version-history":[{"count":2,"href":"https:\/\/freer.org\/fr\/wp-json\/wp\/v2\/pages\/791\/revisions"}],"predecessor-version":[{"id":820,"href":"https:\/\/freer.org\/fr\/wp-json\/wp\/v2\/pages\/791\/revisions\/820"}],"wp:attachment":[{"href":"https:\/\/freer.org\/fr\/wp-json\/wp\/v2\/media?parent=791"}],"curies":[{"name":"wp","href":"https:\/\/api.w.org\/{rel}","templated":true}]}}