{"id":663,"date":"2020-01-14T22:12:47","date_gmt":"2020-01-14T21:12:47","guid":{"rendered":"https:\/\/diamond.freer.org\/les-anges\/"},"modified":"2020-01-18T02:22:41","modified_gmt":"2020-01-18T01:22:41","slug":"les-anges","status":"publish","type":"page","link":"https:\/\/freer.org\/fr\/les-anges\/","title":{"rendered":"Les Anges"},"content":{"rendered":"<div id=\"pl-383\" class=\"panel-layout\">\n<div id=\"pg-383-0\" class=\"panel-grid panel-no-style\">\n<div id=\"pgc-383-0-0\" class=\"panel-grid-cell\" data-weight=\"1\">\n<div id=\"panel-383-0-0-0\" class=\"so-panel widget widget_sow-editor panel-first-child\" data-index=\"0\" data-style='{\"background_image_attachment\":false,\"background_display\":\"tile\",\"kt_animation_duration\":\"default\",\"kt_animation_delay\":\"default\"}'>\n<div class=\"so-widget-sow-editor so-widget-sow-editor-base\">\n<div class=\"siteorigin-widget-tinymce textwidget\">\n<figure id=\"attachment_147\" class=\"thumbnail wp-caption alignleft\" style=\"width: 305px\"><img loading=\"lazy\" decoding=\"async\" class=\"size-full wp-image-147\" src=\"https:\/\/freer.org\/wp-content\/uploads\/2011\/12\/angels.jpg\" alt=\"\" width=\"305\" height=\"314\" srcset=\"https:\/\/diamond.freer.org\/wp-content\/uploads\/2011\/12\/angels.jpg 305w, https:\/\/diamond.freer.org\/wp-content\/uploads\/2011\/12\/angels-291x300.jpg 291w\" sizes=\"auto, (max-width: 305px) 100vw, 305px\"><figcaption class=\"caption wp-caption-text\">L&rsquo;Ange Souriant de Reims par la Cath\u00e9drale de Reims<\/figcaption><\/figure>\n<h3>Que sont les anges?<\/h3>\n<p>Les anges sont tout autour de nous, et encore plus en ce mill\u00e9naire qu\u2019\u00e0 n\u2019importe quel autre moment de l\u2019histoire r\u00e9cente. Ils sont l\u00e0 pour aider; la seule chose que vous avez \u00e0 faire c\u2019est de leur demander. Alors, m\u00eame si vous vous sentez un peu b\u00eate, demandez l\u2019assistance des anges chaque fois que vous ne savez pas comment g\u00e9rer une situation, et vous serez \u00e9tonn\u00e9 du changement subtil qui interviendra.<\/p>\n<p>Beaucoup d\u2019entre nous croient en une puissance sup\u00e9rieure &#8211; que ce soit J\u00e9sus, Allah, le Grand Architecte ou un autre &#8211; mais nous ne souhaitons pas \u00ab emb\u00eater \u00bb de tels Etres sup\u00e9rieurs avec les petits soucis du quotidien. C\u2019est dans de telles situations que les anges sont heureux d\u2019aider. Les anges sont la manifestation \u00e9th\u00e9rique de l\u2019amour inconditionnel et de la joie spirituelle et il est souvent possible de ressentir leur bonheur et leur joie quand ils viennent \u00e0 votre secours.<\/p>\n<h3>Comment pouvons-nous utiliser les Anges dans notre travail commun?<\/h3>\n<p>Dans notre travail commun, je vous aide, si cela est propice, \u00e0 trouver un ange ou \u00ab une compagnie d\u2019anges \u00bb qui est \u00e0 votre disposition. Je vous encourage \u00e0 travailler avec eux pour vous aider \u00e0 rester en phase avec vos intentions les meilleures tout au long de votre journ\u00e9e et de votre semaine.<\/p>\n<p>Il est plus facile d\u2019ouvrir son c\u0153ur, d\u2019\u00eatre confiant et g\u00e9n\u00e9reux quand nous savons que nous ne sommes pas seuls, m\u00eame si nos aides sont invisibles.<\/p>\n<p>Se souvenir de faire appel aux anges vous rappelle comment surmonter les obstacles qui se pr\u00e9sentent dans votre vie- avec optimisme et humilit\u00e9 plut\u00f4t qu\u2019avec peur et col\u00e8re.<\/p>\n<\/div>\n<\/div>\n<\/div>\n<div id=\"panel-383-0-0-1\" class=\"so-panel widget widget_sow-editor panel-last-child\" data-index=\"1\" data-style='{\"class\":\"bluebox\",\"background_image_attachment\":false,\"background_display\":\"tile\",\"kt_animation_duration\":\"default\",\"kt_animation_delay\":\"default\"}'>\n<div class=\"bluebox panel-widget-style panel-widget-style-for-383-0-0-1\">\n<div class=\"so-widget-sow-editor so-widget-sow-editor-base\">\n<div class=\"siteorigin-widget-tinymce textwidget\">\n<h3>AUTEURS \/ TEXTES RECOMMAND\u00c9S<\/h3>\n<p>Elizabeth Clare Prophet <a href=\"http:\/\/www.amazon.com\/gp\/redirect.html?ie=UTF8&amp;location=https:\/\/www.amazon.com\/Angels-Pocket-Guide-Practical-Spirituality\/dp\/0922729417\/sr=1-2\/qid=1158298186\/ref=pd_bbs_2?ie=UTF8&amp;s=books&amp;tag=jeanefreerspi-20&amp;linkCode=ur2&amp;camp=1789&amp;creative=9325\"><em>How to Work with Angels<\/em><\/a> 1998<\/p>\n<\/div>\n<\/div>\n<\/div>\n<\/div>\n<\/div>\n<\/div>\n<\/div>\n","protected":false},"excerpt":{"rendered":"<p>L&rsquo;Ange Souriant de Reims par la Cath\u00e9drale de Reims Que sont les anges? Les anges sont tout autour de nous, et encore plus en ce mill\u00e9naire qu\u2019\u00e0 n\u2019importe quel autre moment de l\u2019histoire r\u00e9cente. Ils sont l\u00e0 pour aider; la &hellip; <a class=\"kt-excerpt-readmore\" href=\"https:\/\/freer.org\/fr\/les-anges\/\" aria-label=\"Les Anges\">Lire la suite<\/a><\/p>\n","protected":false},"author":1,"featured_media":0,"parent":0,"menu_order":70,"comment_status":"closed","ping_status":"closed","template":"","meta":{"kt_blocks_editor_width":"","_kad_blocks_custom_css":"","_kad_blocks_head_custom_js":"","_kad_blocks_body_custom_js":"","_kad_blocks_footer_custom_js":"","footnotes":""},"class_list":["post-663","page","type-page","status-publish","hentry"],"yoast_head":"<!-- This site is optimized with the Yoast SEO plugin v26.8 - https:\/\/yoast.com\/product\/yoast-seo-wordpress\/ -->\n<title>Les Anges - Freer Conseiller Spirituel<\/title>\n<meta name=\"robots\" content=\"index, follow, max-snippet:-1, max-image-preview:large, max-video-preview:-1\" \/>\n<link rel=\"canonical\" href=\"https:\/\/freer.org\/fr\/les-anges\/\" \/>\n<meta property=\"og:locale\" content=\"fr_FR\" \/>\n<meta property=\"og:type\" content=\"article\" \/>\n<meta property=\"og:title\" content=\"Les Anges - Freer Conseiller Spirituel\" \/>\n<meta property=\"og:description\" content=\"L&rsquo;Ange Souriant de Reims par la Cath\u00e9drale de Reims Que sont les anges? Les anges sont tout autour de nous, et encore plus en ce mill\u00e9naire qu\u2019\u00e0 n\u2019importe quel autre moment de l\u2019histoire r\u00e9cente. Ils sont l\u00e0 pour aider; la &hellip; Lire la suite\" \/>\n<meta property=\"og:url\" content=\"https:\/\/freer.org\/fr\/les-anges\/\" \/>\n<meta property=\"og:site_name\" content=\"Freer Conseiller Spirituel\" \/>\n<meta property=\"article:modified_time\" content=\"2020-01-18T01:22:41+00:00\" \/>\n<meta property=\"og:image\" content=\"https:\/\/freer.org\/wp-content\/uploads\/2011\/12\/angels.jpg\" \/>\n<meta name=\"twitter:card\" content=\"summary_large_image\" \/>\n<meta name=\"twitter:label1\" content=\"Dur\u00e9e de lecture estim\u00e9e\" \/>\n\t<meta name=\"twitter:data1\" content=\"2 minutes\" \/>\n<script type=\"application\/ld+json\" class=\"yoast-schema-graph\">{\"@context\":\"https:\/\/schema.org\",\"@graph\":[{\"@type\":\"WebPage\",\"@id\":\"https:\/\/freer.org\/fr\/les-anges\/\",\"url\":\"https:\/\/freer.org\/fr\/les-anges\/\",\"name\":\"Les Anges - Freer Conseiller Spirituel\",\"isPartOf\":{\"@id\":\"https:\/\/freer.org\/fr\/#website\"},\"primaryImageOfPage\":{\"@id\":\"https:\/\/freer.org\/fr\/les-anges\/#primaryimage\"},\"image\":{\"@id\":\"https:\/\/freer.org\/fr\/les-anges\/#primaryimage\"},\"thumbnailUrl\":\"https:\/\/freer.org\/wp-content\/uploads\/2011\/12\/angels.jpg\",\"datePublished\":\"2020-01-14T21:12:47+00:00\",\"dateModified\":\"2020-01-18T01:22:41+00:00\",\"breadcrumb\":{\"@id\":\"https:\/\/freer.org\/fr\/les-anges\/#breadcrumb\"},\"inLanguage\":\"fr-FR\",\"potentialAction\":[{\"@type\":\"ReadAction\",\"target\":[\"https:\/\/freer.org\/fr\/les-anges\/\"]}]},{\"@type\":\"ImageObject\",\"inLanguage\":\"fr-FR\",\"@id\":\"https:\/\/freer.org\/fr\/les-anges\/#primaryimage\",\"url\":\"https:\/\/freer.org\/wp-content\/uploads\/2011\/12\/angels.jpg\",\"contentUrl\":\"https:\/\/freer.org\/wp-content\/uploads\/2011\/12\/angels.jpg\"},{\"@type\":\"BreadcrumbList\",\"@id\":\"https:\/\/freer.org\/fr\/les-anges\/#breadcrumb\",\"itemListElement\":[{\"@type\":\"ListItem\",\"position\":1,\"name\":\"Home\",\"item\":\"https:\/\/freer.org\/fr\/\"},{\"@type\":\"ListItem\",\"position\":2,\"name\":\"Les Anges\"}]},{\"@type\":\"WebSite\",\"@id\":\"https:\/\/freer.org\/fr\/#website\",\"url\":\"https:\/\/freer.org\/fr\/\",\"name\":\"Freer Conseiller Spirituel\",\"description\":\"Jeane F. Diamond - Conseiller spirituel \u00e0 Paris et en Australie\",\"potentialAction\":[{\"@type\":\"SearchAction\",\"target\":{\"@type\":\"EntryPoint\",\"urlTemplate\":\"https:\/\/freer.org\/fr\/?s={search_term_string}\"},\"query-input\":{\"@type\":\"PropertyValueSpecification\",\"valueRequired\":true,\"valueName\":\"search_term_string\"}}],\"inLanguage\":\"fr-FR\"}]}<\/script>\n<!-- \/ Yoast SEO plugin. -->","yoast_head_json":{"title":"Les Anges - Freer Conseiller Spirituel","robots":{"index":"index","follow":"follow","max-snippet":"max-snippet:-1","max-image-preview":"max-image-preview:large","max-video-preview":"max-video-preview:-1"},"canonical":"https:\/\/freer.org\/fr\/les-anges\/","og_locale":"fr_FR","og_type":"article","og_title":"Les Anges - Freer Conseiller Spirituel","og_description":"L&rsquo;Ange Souriant de Reims par la Cath\u00e9drale de Reims Que sont les anges? Les anges sont tout autour de nous, et encore plus en ce mill\u00e9naire qu\u2019\u00e0 n\u2019importe quel autre moment de l\u2019histoire r\u00e9cente. Ils sont l\u00e0 pour aider; la &hellip; Lire la suite","og_url":"https:\/\/freer.org\/fr\/les-anges\/","og_site_name":"Freer Conseiller Spirituel","article_modified_time":"2020-01-18T01:22:41+00:00","og_image":[{"url":"https:\/\/freer.org\/wp-content\/uploads\/2011\/12\/angels.jpg","type":"","width":"","height":""}],"twitter_card":"summary_large_image","twitter_misc":{"Dur\u00e9e de lecture estim\u00e9e":"2 minutes"},"schema":{"@context":"https:\/\/schema.org","@graph":[{"@type":"WebPage","@id":"https:\/\/freer.org\/fr\/les-anges\/","url":"https:\/\/freer.org\/fr\/les-anges\/","name":"Les Anges - Freer Conseiller Spirituel","isPartOf":{"@id":"https:\/\/freer.org\/fr\/#website"},"primaryImageOfPage":{"@id":"https:\/\/freer.org\/fr\/les-anges\/#primaryimage"},"image":{"@id":"https:\/\/freer.org\/fr\/les-anges\/#primaryimage"},"thumbnailUrl":"https:\/\/freer.org\/wp-content\/uploads\/2011\/12\/angels.jpg","datePublished":"2020-01-14T21:12:47+00:00","dateModified":"2020-01-18T01:22:41+00:00","breadcrumb":{"@id":"https:\/\/freer.org\/fr\/les-anges\/#breadcrumb"},"inLanguage":"fr-FR","potentialAction":[{"@type":"ReadAction","target":["https:\/\/freer.org\/fr\/les-anges\/"]}]},{"@type":"ImageObject","inLanguage":"fr-FR","@id":"https:\/\/freer.org\/fr\/les-anges\/#primaryimage","url":"https:\/\/freer.org\/wp-content\/uploads\/2011\/12\/angels.jpg","contentUrl":"https:\/\/freer.org\/wp-content\/uploads\/2011\/12\/angels.jpg"},{"@type":"BreadcrumbList","@id":"https:\/\/freer.org\/fr\/les-anges\/#breadcrumb","itemListElement":[{"@type":"ListItem","position":1,"name":"Home","item":"https:\/\/freer.org\/fr\/"},{"@type":"ListItem","position":2,"name":"Les Anges"}]},{"@type":"WebSite","@id":"https:\/\/freer.org\/fr\/#website","url":"https:\/\/freer.org\/fr\/","name":"Freer Conseiller Spirituel","description":"Jeane F. Diamond - Conseiller spirituel \u00e0 Paris et en Australie","potentialAction":[{"@type":"SearchAction","target":{"@type":"EntryPoint","urlTemplate":"https:\/\/freer.org\/fr\/?s={search_term_string}"},"query-input":{"@type":"PropertyValueSpecification","valueRequired":true,"valueName":"search_term_string"}}],"inLanguage":"fr-FR"}]}},"taxonomy_info":[],"featured_image_src_large":false,"author_info":{"display_name":"admin","author_link":"https:\/\/freer.org\/fr\/author\/admin\/"},"comment_info":0,"_links":{"self":[{"href":"https:\/\/freer.org\/fr\/wp-json\/wp\/v2\/pages\/663","targetHints":{"allow":["GET"]}}],"collection":[{"href":"https:\/\/freer.org\/fr\/wp-json\/wp\/v2\/pages"}],"about":[{"href":"https:\/\/freer.org\/fr\/wp-json\/wp\/v2\/types\/page"}],"author":[{"embeddable":true,"href":"https:\/\/freer.org\/fr\/wp-json\/wp\/v2\/users\/1"}],"replies":[{"embeddable":true,"href":"https:\/\/freer.org\/fr\/wp-json\/wp\/v2\/comments?post=663"}],"version-history":[{"count":3,"href":"https:\/\/freer.org\/fr\/wp-json\/wp\/v2\/pages\/663\/revisions"}],"predecessor-version":[{"id":884,"href":"https:\/\/freer.org\/fr\/wp-json\/wp\/v2\/pages\/663\/revisions\/884"}],"wp:attachment":[{"href":"https:\/\/freer.org\/fr\/wp-json\/wp\/v2\/media?parent=663"}],"curies":[{"name":"wp","href":"https:\/\/api.w.org\/{rel}","templated":true}]}}