{"id":662,"date":"2020-01-14T21:47:43","date_gmt":"2020-01-14T20:47:43","guid":{"rendered":"https:\/\/diamond.freer.org\/technique-metamorphic\/"},"modified":"2020-01-20T01:13:07","modified_gmt":"2020-01-20T00:13:07","slug":"technique-metamorphic","status":"publish","type":"page","link":"https:\/\/freer.org\/fr\/technique-metamorphic\/","title":{"rendered":"Technique metamorphic"},"content":{"rendered":"<div id=\"pl-405\" class=\"panel-layout\">\n<div id=\"pg-405-0\" class=\"panel-grid panel-no-style\">\n<div id=\"pgc-405-0-0\" class=\"panel-grid-cell\" data-weight=\"1\">\n<div id=\"panel-405-0-0-0\" class=\"so-panel widget widget_sow-editor panel-first-child\" data-index=\"0\" data-style='{\"background_image_attachment\":false,\"background_display\":\"tile\",\"kt_animation_duration\":\"default\",\"kt_animation_delay\":\"default\"}'>\n<div class=\"so-widget-sow-editor so-widget-sow-editor-base\">\n<div class=\"siteorigin-widget-tinymce textwidget\">\n<figure id=\"attachment_155\" class=\"thumbnail wp-caption alignleft\" style=\"width: 430px\"><img loading=\"lazy\" decoding=\"async\" class=\"size-full wp-image-155\" src=\"https:\/\/diamond.freer.org\/wp-content\/uploads\/2011\/12\/meta.jpg\" alt=\"\" width=\"430\" height=\"400\" srcset=\"https:\/\/diamond.freer.org\/wp-content\/uploads\/2011\/12\/meta.jpg 430w, https:\/\/diamond.freer.org\/wp-content\/uploads\/2011\/12\/meta-300x279.jpg 300w\" sizes=\"auto, (max-width: 430px) 100vw, 430px\"><figcaption class=\"caption wp-caption-text\">\u00ab\u00a0Le Technique metamorphic \u201d <br \/>par G. Saint-Pierre et B. D\u2019Arcy Thompson<\/figcaption><\/figure>\n<h3>Qu\u2019est ce que la Technique M\u00e9tamorphique?<\/h3>\n<p>La Technique M\u00e9tamorphique est un effleurement doux des mains, des pieds et de la t\u00eate qui stimule votre intelligence int\u00e9rieure pour vous aider \u00e0 faire les changements n\u00e9cessaires dans votre vie. La th\u00e9orie de base est que votre potentiel de vie fut cr\u00e9e pendant votre s\u00e9jour dans l\u2019ut\u00e9rus et que tout blocage \u00e0 la r\u00e9alisation de ce potentiel sera lev\u00e9 par cette technique. Il a \u00e9t\u00e9 montr\u00e9 que cette technique peut traiter la trisomie chez les enfants et aider \u00e0 \u00e9viter son d\u00e9veloppement chez le f\u0153tus si la m\u00e8re participe \u00e0 des s\u00e9ances pendant la grossesse.<\/p>\n<p>L\u2019effleurement des zones r\u00e9flexes le long des pieds, du pouce et du centre de la t\u00eate catalyse votre connaissance int\u00e9rieure pour vous transporter dans le champ \u00e9nerg\u00e9tique dont vous avez besoin. J\u2019ai connu des personnes ayant trouv\u00e9 un travail qui leur avait \u00e9chapp\u00e9 pendant des mois, ou le partenaire id\u00e9al d\u00e9sir\u00e9 apr\u00e8s seulement quelques s\u00e9ances. M\u00eame sans r\u00e9sultats aussi spectaculaires, la technique m\u00e9tamorphique arrive \u00e0 mettre en phase vos exp\u00e9riences avec vos intentions profondes.<\/p>\n<p>Avoir une s\u00e9ance de Technique M\u00e9tamorphique est parfois d\u00e9crit comme \u00ab d\u00e9placer les meubles \u00bb et vous pouvez vous attendre \u00e0 un chamboulement de cette intensit\u00e9 dans votre psych\u00e9 mais aussi dans votre vie quotidienne, particuli\u00e8rement au cours d\u2019une s\u00e9rie de s\u00e9ances rapproch\u00e9es dans le temps (toutes les semaines ou tous les 15 jours par exemple). En g\u00e9n\u00e9ral, il n\u2019est pas recommand\u00e9 d\u2019avoir une s\u00e9ance de Technique M\u00e9tamorphique plus d\u2019une fois par semaine a moins que l\u2019on ait mis de c\u00f4t\u00e9 du temps destin\u00e9 uniquement au processus de gu\u00e9rison ; dans ce cas il est conseill\u00e9 de faire des s\u00e9ances quotidiennes.<\/p>\n<p>Je suis une praticienne reconnue de la Technique M\u00e9tamorphique depuis plus de 20 ans. J\u2019ai \u00e9t\u00e9 form\u00e9e par Gaston St Pierre \u00e0 Londres et j\u2019ai particip\u00e9 \u00e0 un atelier en Californie du Nord avec Robert St John, le fondateur, quelques ann\u00e9es avant sa mort.<\/p>\n<\/div>\n<\/div>\n<\/div>\n<div id=\"panel-405-0-0-1\" class=\"so-panel widget widget_sow-editor\" data-index=\"1\" data-style='{\"background_image_attachment\":false,\"background_display\":\"tile\",\"kt_animation_duration\":\"default\",\"kt_animation_delay\":\"default\"}'>\n<div class=\"so-widget-sow-editor so-widget-sow-editor-base\">\n<div class=\"siteorigin-widget-tinymce textwidget\">\n<h3>Comment utiliser la Technique M\u00e9tamorphique?<\/h3>\n<p>Les s\u00e9ances de Technique M\u00e9tamorphiques durent une heure, comme toutes les s\u00e9ances et vous \u00eates assis sur une chaise. Votre pied droit est sur un coussin pos\u00e9 sur mes genoux, puis c\u2019est au tour du pied gauche, de votre main droite, de votre main gauche et enfin je me l\u00e8ve et travaille sur votre t\u00eate. Les s\u00e9ances sont tr\u00e8s relaxantes, vous pouvez vous endormir ou choisir de parler. Les s\u00e9ances M\u00e9tamorphiques peuvent avoir lieu toutes les semaines, tous les quinze jours, tous les mois, toutes les six semaines, tous les trimestres ou juste occasionnellement, \u00e0 votre envie. Si vous venez toutes les semaines, nous pourrions cr\u00e9er un programme de soin qui inclura une s\u00e9ance de Technique M\u00e9tamorphique toutes les deux ou quatre s\u00e9ances.<\/p>\n<p>Vos r\u00eaves peuvent \u00eatre plus intenses \u00e0 la suite d\u2019une s\u00e9ance de Technique M\u00e9tamorphique, et le contenu du r\u00eave peut \u00eatre le sujet d\u2019une prochaine s\u00e9ance de conseil. Cependant, pendant la s\u00e9ance de Technique M\u00e9tamorphique le praticien doit rester d\u00e9tach\u00e9 et n\u2019offrir aucune interpr\u00e9tation des ph\u00e9nom\u00e8nes qui peuvent survenir ou \u00eatre ressentis.<\/p>\n<p>Je recommande d\u2019incorporer la Technique M\u00e9tamorphique dans tout engagement de s\u00e9ance conseil \u00e0 long terme car, comme les fleurs de Bach, elle vous aide \u00e0 faire des changements sans aucun effort de votre part. Quand vous commencez \u00e0 mettre en coh\u00e9rence vos pens\u00e9es et vos actions avec vos v\u00e9ritables intentions, la Technique M\u00e9tamorphique ajoute un souffle nouveau \u00e0 ce processus, travaillant au niveau le plus profond de votre \u00eatre.<\/p>\n<\/div>\n<\/div>\n<\/div>\n<div id=\"panel-405-0-0-2\" class=\"so-panel widget widget_sow-editor\" data-index=\"2\" data-style='{\"class\":\"bluebox\",\"background_image_attachment\":false,\"background_display\":\"tile\",\"kt_animation_duration\":\"default\",\"kt_animation_delay\":\"default\"}'>\n<div class=\"bluebox panel-widget-style panel-widget-style-for-405-0-0-2\">\n<div class=\"so-widget-sow-editor so-widget-sow-editor-base\">\n<div class=\"siteorigin-widget-tinymce textwidget\">\n<h3>AUTEURS \/ TEXTES RECOMMAND\u00c9S<\/h3>\n<p><u>\u00c9crits de Jeane sur la technique m\u00e9tamorphique<\/u><br \/>\nJeane Diamond dans le Journal de l&rsquo;Association Metamorphic<br \/>\nNo.14 Hiver\/Printemps 1988<br \/>\n\u201cPolarity\u201d<br \/>\nNo. 16 Autumn 1988<br \/>\n\u201cMentalism: The Responsibilities Required by the Power to Conceptualise\u201d<br \/>\n<a href=\"http:\/\/www.freer.org\/wp-content\/themes\/freer.org\/images\/images\/journal\/journal_89_C.jpg\" target=\"_blank\" rel=\"noopener noreferrer\">No. 19 Autumn 1989<\/a><br \/>\n\u201cSpirituality and Healing\u201d \u2013 <a title=\"Page 1\" href=\"http:\/\/www.freer.org\/wp-content\/themes\/freer.org\/images\/images\/journal\/journal_89_1.jpg\" target=\"_blank\" rel=\"noopener noreferrer\">Page 1<\/a><br \/>\nNo. 25 Autumn 1991<br \/>\n\u201cBirth\u201d \u2013 <a title=\"Page 1\" href=\"http:\/\/www.freer.org\/wp-content\/themes\/freer.org\/images\/images\/journal\/journal_91_1.jpg\" target=\"_blank\" rel=\"noopener noreferrer\">Page 1<\/a> <a title=\"Page 2\" href=\"http:\/\/www.freer.org\/wp-content\/themes\/freer.org\/images\/images\/journal\/journal_91_2.jpg\" target=\"_blank\" rel=\"noopener noreferrer\">Page 2<\/a><br \/>\nNo. 27 Autumn 1992<br \/>\n\u201cWater\u201d \u2013 <a title=\"Page 1\" href=\"http:\/\/www.freer.org\/wp-content\/themes\/freer.org\/images\/images\/journal\/journal_92_1.jpg\" target=\"_blank\" rel=\"noopener noreferrer\">Page 1<\/a> <a title=\"Page 2\" href=\"http:\/\/www.freer.org\/wp-content\/themes\/freer.org\/images\/images\/journal\/journal_92_2.jpg\" target=\"_blank\" rel=\"noopener noreferrer\">Page 2<\/a><br \/>\n<a title=\"No. 29 Autumn 1993\" href=\"http:\/\/www.freer.org\/wp-content\/themes\/freer.org\/images\/images\/journal\/journal_93_C.jpg\" target=\"_blank\" rel=\"noopener noreferrer\">No. 29 Autumn 1993<\/a><br \/>\n\u201cFire\u201d \u2013 <a title=\"Page 1\" href=\"http:\/\/www.freer.org\/wp-content\/themes\/freer.org\/images\/images\/journal\/journal_93_1.jpg\" target=\"_blank\" rel=\"noopener noreferrer\">Page 1<\/a><br \/>\n\u201cMetamorphic Technique in America\u201d<br \/>\n<a title=\"No. 30 1994\" href=\"http:\/\/www.freer.org\/wp-content\/themes\/freer.org\/images\/images\/journal\/journal_94_C.jpg\" target=\"_blank\" rel=\"noopener noreferrer\">No. 30 1994<\/a><br \/>\n\u201cAir in the New Millenium\u201d \u2013 <a title=\"Page 1\" href=\"http:\/\/www.freer.org\/wp-content\/themes\/freer.org\/images\/images\/journal\/journal_94_1.jpg\" target=\"_blank\" rel=\"noopener noreferrer\">Page 1<\/a><\/p>\n<\/div>\n<\/div>\n<\/div>\n<\/div>\n<div id=\"panel-405-0-0-3\" class=\"so-panel widget widget_sow-editor\" data-index=\"3\" data-style='{\"class\":\"bluebox\",\"background_image_attachment\":false,\"background_display\":\"tile\",\"kt_animation_duration\":\"default\",\"kt_animation_delay\":\"default\"}'>\n<div class=\"bluebox panel-widget-style panel-widget-style-for-405-0-0-3\">\n<div class=\"so-widget-sow-editor so-widget-sow-editor-base\">\n<div class=\"siteorigin-widget-tinymce textwidget\">\n<h3>AUTRES AUTEURS<\/h3>\n<p><a href=\"http:\/\/www.amazon.com\/gp\/search?ie=UTF8&amp;keywords=gaston%20saint%20pierre&amp;tag=jeanefreerspi-20&amp;index=blended&amp;linkCode=ur2&amp;camp=1789&amp;creative=9325\" target=\"_blank\" rel=\"noopener noreferrer\">Gaston St. Pierre<\/a><\/p>\n<p><u>Mark Tolson<\/u><\/p>\n<p><u>Robert St. John<\/u><\/p>\n<p><a href=\"http:\/\/www.amazon.com\/gp\/search?ie=UTF8&amp;keywords=Debbie%20Boater&amp;tag=jeanefreerspi-20&amp;index=books&amp;linkCode=ur2&amp;camp=1789&amp;creative=9325\" target=\"_blank\" rel=\"noopener noreferrer\">Debbie Boater<\/a><\/p>\n<\/div>\n<\/div>\n<\/div>\n<\/div>\n<div id=\"panel-405-0-0-4\" class=\"so-panel widget widget_sow-editor panel-last-child\" data-index=\"4\" data-style='{\"class\":\"bluebox\",\"background_image_attachment\":false,\"background_display\":\"tile\",\"kt_animation_duration\":\"default\",\"kt_animation_delay\":\"default\"}'>\n<div class=\"bluebox panel-widget-style panel-widget-style-for-405-0-0-4\">\n<div class=\"so-widget-sow-editor so-widget-sow-editor-base\">\n<div class=\"siteorigin-widget-tinymce textwidget\">\n<h3>LIENS<\/h3>\n<p><a title=\"metamorphicassociation.org.uk\" href=\"http:\/\/www.metamorphicassociation.org.uk\/\" target=\"_blank\" rel=\"noopener noreferrer\">www.metamorphicassociation.org.uk<\/a><\/p>\n<\/div>\n<\/div>\n<\/div>\n<\/div>\n<\/div>\n<\/div>\n<\/div>\n","protected":false},"excerpt":{"rendered":"<p>\u00ab\u00a0Le Technique metamorphic \u201d par G. Saint-Pierre et B. D\u2019Arcy Thompson Qu\u2019est ce que la Technique M\u00e9tamorphique? La Technique M\u00e9tamorphique est un effleurement doux des mains, des pieds et de la t\u00eate qui stimule votre intelligence int\u00e9rieure pour vous aider &hellip; <a class=\"kt-excerpt-readmore\" href=\"https:\/\/freer.org\/fr\/technique-metamorphic\/\" aria-label=\"Technique metamorphic\">Lire la suite<\/a><\/p>\n","protected":false},"author":1,"featured_media":0,"parent":0,"menu_order":50,"comment_status":"closed","ping_status":"closed","template":"","meta":{"kt_blocks_editor_width":"","_kad_blocks_custom_css":"","_kad_blocks_head_custom_js":"","_kad_blocks_body_custom_js":"","_kad_blocks_footer_custom_js":"","footnotes":""},"class_list":["post-662","page","type-page","status-publish","hentry"],"yoast_head":"<!-- This site is optimized with the Yoast SEO plugin v26.8 - https:\/\/yoast.com\/product\/yoast-seo-wordpress\/ -->\n<title>Technique metamorphic - Freer Conseiller Spirituel<\/title>\n<meta name=\"robots\" content=\"index, follow, max-snippet:-1, max-image-preview:large, max-video-preview:-1\" \/>\n<link rel=\"canonical\" href=\"https:\/\/freer.org\/fr\/technique-metamorphic\/\" \/>\n<meta property=\"og:locale\" content=\"fr_FR\" \/>\n<meta property=\"og:type\" content=\"article\" \/>\n<meta property=\"og:title\" content=\"Technique metamorphic - Freer Conseiller Spirituel\" \/>\n<meta property=\"og:description\" content=\"\u00ab\u00a0Le Technique metamorphic \u201d par G. Saint-Pierre et B. D\u2019Arcy Thompson Qu\u2019est ce que la Technique M\u00e9tamorphique? La Technique M\u00e9tamorphique est un effleurement doux des mains, des pieds et de la t\u00eate qui stimule votre intelligence int\u00e9rieure pour vous aider &hellip; Lire la suite\" \/>\n<meta property=\"og:url\" content=\"https:\/\/freer.org\/fr\/technique-metamorphic\/\" \/>\n<meta property=\"og:site_name\" content=\"Freer Conseiller Spirituel\" \/>\n<meta property=\"article:modified_time\" content=\"2020-01-20T00:13:07+00:00\" \/>\n<meta property=\"og:image\" content=\"https:\/\/diamond.freer.org\/wp-content\/uploads\/2011\/12\/meta.jpg\" \/>\n<meta name=\"twitter:card\" content=\"summary_large_image\" \/>\n<meta name=\"twitter:label1\" content=\"Dur\u00e9e de lecture estim\u00e9e\" \/>\n\t<meta name=\"twitter:data1\" content=\"4 minutes\" \/>\n<script type=\"application\/ld+json\" class=\"yoast-schema-graph\">{\"@context\":\"https:\/\/schema.org\",\"@graph\":[{\"@type\":\"WebPage\",\"@id\":\"https:\/\/freer.org\/fr\/technique-metamorphic\/\",\"url\":\"https:\/\/freer.org\/fr\/technique-metamorphic\/\",\"name\":\"Technique metamorphic - Freer Conseiller Spirituel\",\"isPartOf\":{\"@id\":\"https:\/\/freer.org\/fr\/#website\"},\"primaryImageOfPage\":{\"@id\":\"https:\/\/freer.org\/fr\/technique-metamorphic\/#primaryimage\"},\"image\":{\"@id\":\"https:\/\/freer.org\/fr\/technique-metamorphic\/#primaryimage\"},\"thumbnailUrl\":\"https:\/\/diamond.freer.org\/wp-content\/uploads\/2011\/12\/meta.jpg\",\"datePublished\":\"2020-01-14T20:47:43+00:00\",\"dateModified\":\"2020-01-20T00:13:07+00:00\",\"breadcrumb\":{\"@id\":\"https:\/\/freer.org\/fr\/technique-metamorphic\/#breadcrumb\"},\"inLanguage\":\"fr-FR\",\"potentialAction\":[{\"@type\":\"ReadAction\",\"target\":[\"https:\/\/freer.org\/fr\/technique-metamorphic\/\"]}]},{\"@type\":\"ImageObject\",\"inLanguage\":\"fr-FR\",\"@id\":\"https:\/\/freer.org\/fr\/technique-metamorphic\/#primaryimage\",\"url\":\"https:\/\/diamond.freer.org\/wp-content\/uploads\/2011\/12\/meta.jpg\",\"contentUrl\":\"https:\/\/diamond.freer.org\/wp-content\/uploads\/2011\/12\/meta.jpg\"},{\"@type\":\"BreadcrumbList\",\"@id\":\"https:\/\/freer.org\/fr\/technique-metamorphic\/#breadcrumb\",\"itemListElement\":[{\"@type\":\"ListItem\",\"position\":1,\"name\":\"Home\",\"item\":\"https:\/\/freer.org\/fr\/\"},{\"@type\":\"ListItem\",\"position\":2,\"name\":\"Technique metamorphic\"}]},{\"@type\":\"WebSite\",\"@id\":\"https:\/\/freer.org\/fr\/#website\",\"url\":\"https:\/\/freer.org\/fr\/\",\"name\":\"Freer Conseiller Spirituel\",\"description\":\"Jeane F. Diamond - Conseiller spirituel \u00e0 Paris et en Australie\",\"potentialAction\":[{\"@type\":\"SearchAction\",\"target\":{\"@type\":\"EntryPoint\",\"urlTemplate\":\"https:\/\/freer.org\/fr\/?s={search_term_string}\"},\"query-input\":{\"@type\":\"PropertyValueSpecification\",\"valueRequired\":true,\"valueName\":\"search_term_string\"}}],\"inLanguage\":\"fr-FR\"}]}<\/script>\n<!-- \/ Yoast SEO plugin. -->","yoast_head_json":{"title":"Technique metamorphic - Freer Conseiller Spirituel","robots":{"index":"index","follow":"follow","max-snippet":"max-snippet:-1","max-image-preview":"max-image-preview:large","max-video-preview":"max-video-preview:-1"},"canonical":"https:\/\/freer.org\/fr\/technique-metamorphic\/","og_locale":"fr_FR","og_type":"article","og_title":"Technique metamorphic - Freer Conseiller Spirituel","og_description":"\u00ab\u00a0Le Technique metamorphic \u201d par G. Saint-Pierre et B. D\u2019Arcy Thompson Qu\u2019est ce que la Technique M\u00e9tamorphique? La Technique M\u00e9tamorphique est un effleurement doux des mains, des pieds et de la t\u00eate qui stimule votre intelligence int\u00e9rieure pour vous aider &hellip; Lire la suite","og_url":"https:\/\/freer.org\/fr\/technique-metamorphic\/","og_site_name":"Freer Conseiller Spirituel","article_modified_time":"2020-01-20T00:13:07+00:00","og_image":[{"url":"https:\/\/diamond.freer.org\/wp-content\/uploads\/2011\/12\/meta.jpg","type":"","width":"","height":""}],"twitter_card":"summary_large_image","twitter_misc":{"Dur\u00e9e de lecture estim\u00e9e":"4 minutes"},"schema":{"@context":"https:\/\/schema.org","@graph":[{"@type":"WebPage","@id":"https:\/\/freer.org\/fr\/technique-metamorphic\/","url":"https:\/\/freer.org\/fr\/technique-metamorphic\/","name":"Technique metamorphic - Freer Conseiller Spirituel","isPartOf":{"@id":"https:\/\/freer.org\/fr\/#website"},"primaryImageOfPage":{"@id":"https:\/\/freer.org\/fr\/technique-metamorphic\/#primaryimage"},"image":{"@id":"https:\/\/freer.org\/fr\/technique-metamorphic\/#primaryimage"},"thumbnailUrl":"https:\/\/diamond.freer.org\/wp-content\/uploads\/2011\/12\/meta.jpg","datePublished":"2020-01-14T20:47:43+00:00","dateModified":"2020-01-20T00:13:07+00:00","breadcrumb":{"@id":"https:\/\/freer.org\/fr\/technique-metamorphic\/#breadcrumb"},"inLanguage":"fr-FR","potentialAction":[{"@type":"ReadAction","target":["https:\/\/freer.org\/fr\/technique-metamorphic\/"]}]},{"@type":"ImageObject","inLanguage":"fr-FR","@id":"https:\/\/freer.org\/fr\/technique-metamorphic\/#primaryimage","url":"https:\/\/diamond.freer.org\/wp-content\/uploads\/2011\/12\/meta.jpg","contentUrl":"https:\/\/diamond.freer.org\/wp-content\/uploads\/2011\/12\/meta.jpg"},{"@type":"BreadcrumbList","@id":"https:\/\/freer.org\/fr\/technique-metamorphic\/#breadcrumb","itemListElement":[{"@type":"ListItem","position":1,"name":"Home","item":"https:\/\/freer.org\/fr\/"},{"@type":"ListItem","position":2,"name":"Technique metamorphic"}]},{"@type":"WebSite","@id":"https:\/\/freer.org\/fr\/#website","url":"https:\/\/freer.org\/fr\/","name":"Freer Conseiller Spirituel","description":"Jeane F. Diamond - Conseiller spirituel \u00e0 Paris et en Australie","potentialAction":[{"@type":"SearchAction","target":{"@type":"EntryPoint","urlTemplate":"https:\/\/freer.org\/fr\/?s={search_term_string}"},"query-input":{"@type":"PropertyValueSpecification","valueRequired":true,"valueName":"search_term_string"}}],"inLanguage":"fr-FR"}]}},"taxonomy_info":[],"featured_image_src_large":false,"author_info":{"display_name":"admin","author_link":"https:\/\/freer.org\/fr\/author\/admin\/"},"comment_info":0,"_links":{"self":[{"href":"https:\/\/freer.org\/fr\/wp-json\/wp\/v2\/pages\/662","targetHints":{"allow":["GET"]}}],"collection":[{"href":"https:\/\/freer.org\/fr\/wp-json\/wp\/v2\/pages"}],"about":[{"href":"https:\/\/freer.org\/fr\/wp-json\/wp\/v2\/types\/page"}],"author":[{"embeddable":true,"href":"https:\/\/freer.org\/fr\/wp-json\/wp\/v2\/users\/1"}],"replies":[{"embeddable":true,"href":"https:\/\/freer.org\/fr\/wp-json\/wp\/v2\/comments?post=662"}],"version-history":[{"count":3,"href":"https:\/\/freer.org\/fr\/wp-json\/wp\/v2\/pages\/662\/revisions"}],"predecessor-version":[{"id":885,"href":"https:\/\/freer.org\/fr\/wp-json\/wp\/v2\/pages\/662\/revisions\/885"}],"wp:attachment":[{"href":"https:\/\/freer.org\/fr\/wp-json\/wp\/v2\/media?parent=662"}],"curies":[{"name":"wp","href":"https:\/\/api.w.org\/{rel}","templated":true}]}}