{"id":661,"date":"2020-01-14T21:39:44","date_gmt":"2020-01-14T20:39:44","guid":{"rendered":"https:\/\/diamond.freer.org\/meditation\/"},"modified":"2020-01-16T01:45:23","modified_gmt":"2020-01-16T00:45:23","slug":"meditation","status":"publish","type":"page","link":"https:\/\/freer.org\/fr\/meditation\/","title":{"rendered":"M\u00e9ditation"},"content":{"rendered":"<div id=\"pl-403\" class=\"panel-layout\">\n<div id=\"pg-403-0\" class=\"panel-grid panel-no-style\">\n<div id=\"pgc-403-0-0\" class=\"panel-grid-cell\" data-weight=\"1\">\n<div id=\"panel-403-0-0-0\" class=\"so-panel widget widget_sow-editor panel-first-child\" data-index=\"0\" data-style='{\"background_image_attachment\":false,\"background_display\":\"tile\",\"kt_animation_duration\":\"default\",\"kt_animation_delay\":\"default\"}'>\n<div class=\"so-widget-sow-editor so-widget-sow-editor-base\">\n<div class=\"siteorigin-widget-tinymce textwidget\">\n<p><img loading=\"lazy\" decoding=\"async\" src=\"https:\/\/diamond.freer.org\/wp-content\/uploads\/2011\/12\/meditation.jpg\" alt=\"\" width=\"320\" height=\"419\" class=\"alignright size-full wp-image-154\" srcset=\"https:\/\/diamond.freer.org\/wp-content\/uploads\/2011\/12\/meditation.jpg 320w, https:\/\/diamond.freer.org\/wp-content\/uploads\/2011\/12\/meditation-229x300.jpg 229w\" sizes=\"auto, (max-width: 320px) 100vw, 320px\"><\/p>\n<h3>Qu\u2019est ce que la m\u00e9ditation?<\/h3>\n<p>La m\u00e9ditation est une des plus anciennes techniques pour calmer son esprit et se plonger au c\u0153ur du soi. Apprendre \u00e0 \u00eatre seul avec nous-m\u00eames, sans programme, sans jugement et sans autre intention que d\u2019\u00eatre l\u00e0 alors que nous respirons dans nos corps \u00e0 l\u2019instant pr\u00e9sent, est un outil tr\u00e8s puissant pour vaincre la peur. Un par un, nos d\u00e9mons finissent par l\u00e2cher prise et dispara\u00eetre, comprenant que notre fid\u00e9lit\u00e9 \u00e0 la pratique est plus forte que n\u2019importe quelle menace ou tentation qu\u2019ils peuvent brandir. Le moi qui nous est laiss\u00e9 est l\u2019essence m\u00eame de notre \u00eatre authentique qui se r\u00e9v\u00e8le dans l\u2019espace cr\u00e9\u00e9.<\/p>\n<p>La m\u00e9ditation est simple et profonde. C\u2019est une pratique qui est un tr\u00e8s grand d\u00e9fi et est extr\u00eamement gratifiante. Elle est bas\u00e9e sur la respiration, et sur la r\u00e9alit\u00e9 de l\u2019impermanence- tout change continuellement. D\u2019avoir l\u2019instruction est bon, mais si vous voulez commencer seul, trouvez un endroit calme pour vous asseoir seul cinq minutes et pr\u00eatez attention \u00e0 votre respiration. Ne vous laissez pas distraire par vos pens\u00e9es et vos sensations physiques. Celles ci changeront, partiront et reviendront. Elles ne vous concernent pas durant la p\u00e9riode de m\u00e9ditation.<\/p>\n<p>Si vous ne pouvez pas atteindre l\u2019immobilit\u00e9 physique, je vous recommande la pratique du kick-boxing ou de la m\u00e9ditation dynamique de Osho si vous aimez l\u2019activit\u00e9 physique intense ; si vous pr\u00e9f\u00e9rez un rythme plus doux, essayez le T\u2019ai Chi ou le Gi Cong.<\/p>\n<p>N\u2019importe quel approche vous choisissiez, vous sera demand\u00e9 de la pers\u00e9v\u00e9rance. Comme nous le rappelle Alice Bailey : \u00ab l\u2019envie est certainement pr\u00e9sente de mani\u00e8re plus ou moins forte sinon il n\u2019y aurait aucun d\u00e9sir de m\u00e9diter. Cependant, il faut souligner que l\u2019envie n\u2019est rien tant qu\u2019elle n\u2019est pas compl\u00e9t\u00e9e par une forte volont\u00e9, une capacit\u00e9 d\u2019endurer et une patiente pers\u00e9v\u00e9rance \u00bb. ( De l\u2019intellect \u00e0 l\u2019intuition d\u2019 Alice A Bailey, Lucis Trust 1932\/1960 P99).<\/p>\n<p>Personnellement, je pratique la m\u00e9ditation Vipassana depuis la fin des ann\u00e9es 70 bien que au d\u00e9but des ann\u00e9es 70 j \u2018ai pratiqu\u00e9 la m\u00e9ditation transcendantale pendant quelques ann\u00e9es et j\u2019ai aussi fait l\u2019exp\u00e9rience du \u00ab nectar divin, de l\u2019encens divin et de la divine musique \u00bb enseign\u00e9s par le Gourou de la Mission de la Lumi\u00e8re Divine en Angleterre. Au cours des ann\u00e9es, j\u2019ai rencontr\u00e9 de nombreux gourous dont le Dala\u00ef Lama.<\/p>\n<\/div>\n<\/div>\n<\/div>\n<div id=\"panel-403-0-0-1\" class=\"so-panel widget widget_sow-editor\" data-index=\"1\" data-style='{\"background_image_attachment\":false,\"background_display\":\"tile\",\"kt_animation_duration\":\"default\",\"kt_animation_delay\":\"default\"}'>\n<div class=\"so-widget-sow-editor so-widget-sow-editor-base\">\n<h3 class=\"widget-title\">Comment utiliser la m\u00e9ditation dans notre travail commun?<\/h3>\n<div class=\"siteorigin-widget-tinymce textwidget\">\n<p>Je peux vous apprendre les techniques de base de la m\u00e9ditation et nous pouvons nous entra\u00eener ensemble si vous le souhaitez. Au fur et \u00e0 mesure que vous commencez votre entra\u00eenement personnel \u00e0 domicile, vous pouvez m\u2019informer de toute question ou difficult\u00e9 que vous \u00e9prouvez et nous travaillerons ensemble pour les r\u00e9soudre. Nous pouvons \u00e9galement parler des textes de m\u00e9ditation que vous \u00eates en train de lire et je peux vous conseiller une s\u00e9lection d\u2019auteurs. Il y bien entendu de nombreux groupes de m\u00e9ditation \u00e0 Paris avec lesquels il est possible de pratiquer. Ils couvrent tout le spectre de la m\u00e9ditation allant de la m\u00e9ditation chr\u00e9tienne \u00e0 Tib\u00e9taine avec de nombreuses variantes.<\/p>\n<\/div>\n<\/div>\n<\/div>\n<div id=\"panel-403-0-0-2\" class=\"so-panel widget widget_sow-editor\" data-index=\"2\" data-style='{\"class\":\"bluebox\",\"background_image_attachment\":false,\"background_display\":\"tile\",\"kt_animation_duration\":\"default\",\"kt_animation_delay\":\"default\"}'>\n<div class=\"bluebox panel-widget-style panel-widget-style-for-403-0-0-2\">\n<div class=\"so-widget-sow-editor so-widget-sow-editor-base\">\n<div class=\"siteorigin-widget-tinymce textwidget\">\n<h3>AUTEURS \/ TEXTES RECOMMAND\u00c9S<\/h3>\n<p><a href=\"http:\/\/www.amazon.com\/gp\/redirect.html?ie=UTF8&amp;location=http:\/\/www.amazon.com\/Heart-Sutra-Red-Pine\/dp\/1593760825\/sr=1-3\/qid=1161146573?ie=UTF8&amp;s=books&amp;tag=jeanefreerspi-20&amp;linkCode=ur2&amp;camp=1789&amp;creative=9325\">The Heart Sutra<\/a><\/p>\n<p><a href=\"http:\/\/www.amazon.com\/gp\/search?ie=UTF8&amp;keywords=The%20Aphorisms%20of%20Patanjali&amp;tag=jeanefreerspi-20&amp;index=books&amp;linkCode=ur2&amp;camp=1789&amp;creative=9325\">The Aphorisms of Patanjali<\/a><\/p>\n<p><a href=\"http:\/\/www.amazon.com\/gp\/search?ie=UTF8&amp;keywords=Stephen%20Levine&amp;tag=jeanefreerspi-20&amp;index=books&amp;linkCode=ur2&amp;camp=1789&amp;creative=9325\">Stephen Levine<\/a><\/p>\n<p><a href=\"http:\/\/www.amazon.com\/gp\/search?ie=UTF8&amp;keywords=Jack%20Kornfield&amp;tag=jeanefreerspi-20&amp;index=books&amp;linkCode=ur2&amp;camp=1789&amp;creative=9325\">Jack Kornfield<\/a><\/p>\n<p><a href=\"http:\/\/www.amazon.com\/gp\/search?ie=UTF8&amp;keywords=Melody%20Beattie&amp;tag=jeanefreerspi-20&amp;index=books&amp;linkCode=ur2&amp;camp=1789&amp;creative=9325\">Melody Beattie<\/a><\/p>\n<p><a href=\"http:\/\/www.amazon.com\/gp\/redirect.html?ie=UTF8&amp;location=http%3A%2F%2Fwww.amazon.com%2Fexec%2Fobidos%2Fsearch-handle-url%2Findex%3Dbooks%26field-author-exact%3DThich%20Nhat%20Hanh%26rank%3D-relevance%252C%252Bavailability%252C-daterank&amp;tag=jeanefreerspi-20&amp;linkCode=ur2&amp;camp=1789&amp;creative=9325\">Thich Nhat Hanh<\/a><\/p>\n<\/div>\n<\/div>\n<\/div>\n<\/div>\n<div id=\"panel-403-0-0-3\" class=\"so-panel widget widget_sow-editor panel-last-child\" data-index=\"3\" data-style='{\"class\":\"bluebox\",\"background_image_attachment\":false,\"background_display\":\"tile\",\"kt_animation_duration\":\"default\",\"kt_animation_delay\":\"default\"}'>\n<div class=\"bluebox panel-widget-style panel-widget-style-for-403-0-0-3\">\n<div class=\"so-widget-sow-editor so-widget-sow-editor-base\">\n<div class=\"siteorigin-widget-tinymce textwidget\">\n<h3>LIENS<\/h3>\n<p><a href=\"http:\/\/www.vipassana.fr\/\">www.vipassana.fr<\/a><\/p>\n<p><a href=\"http:\/\/www.accesstoinsight.org\/\">www.accesstoinsight.org<\/a><\/p>\n<\/div>\n<\/div>\n<\/div>\n<\/div>\n<\/div>\n<\/div>\n<\/div>\n","protected":false},"excerpt":{"rendered":"<p>Qu\u2019est ce que la m\u00e9ditation? La m\u00e9ditation est une des plus anciennes techniques pour calmer son esprit et se plonger au c\u0153ur du soi. Apprendre \u00e0 \u00eatre seul avec nous-m\u00eames, sans programme, sans jugement et sans autre intention que d\u2019\u00eatre &hellip; <a class=\"kt-excerpt-readmore\" href=\"https:\/\/freer.org\/fr\/meditation\/\" aria-label=\"M\u00e9ditation\">Lire la suite<\/a><\/p>\n","protected":false},"author":1,"featured_media":0,"parent":0,"menu_order":40,"comment_status":"closed","ping_status":"closed","template":"","meta":{"kt_blocks_editor_width":"","_kad_blocks_custom_css":"","_kad_blocks_head_custom_js":"","_kad_blocks_body_custom_js":"","_kad_blocks_footer_custom_js":"","footnotes":""},"class_list":["post-661","page","type-page","status-publish","hentry"],"yoast_head":"<!-- This site is optimized with the Yoast SEO plugin v26.8 - https:\/\/yoast.com\/product\/yoast-seo-wordpress\/ -->\n<title>M\u00e9ditation - Freer Conseiller Spirituel<\/title>\n<meta name=\"robots\" content=\"index, follow, max-snippet:-1, max-image-preview:large, max-video-preview:-1\" \/>\n<link rel=\"canonical\" href=\"https:\/\/freer.org\/fr\/meditation\/\" \/>\n<meta property=\"og:locale\" content=\"fr_FR\" \/>\n<meta property=\"og:type\" content=\"article\" \/>\n<meta property=\"og:title\" content=\"M\u00e9ditation - Freer Conseiller Spirituel\" \/>\n<meta property=\"og:description\" content=\"Qu\u2019est ce que la m\u00e9ditation? La m\u00e9ditation est une des plus anciennes techniques pour calmer son esprit et se plonger au c\u0153ur du soi. Apprendre \u00e0 \u00eatre seul avec nous-m\u00eames, sans programme, sans jugement et sans autre intention que d\u2019\u00eatre &hellip; Lire la suite\" \/>\n<meta property=\"og:url\" content=\"https:\/\/freer.org\/fr\/meditation\/\" \/>\n<meta property=\"og:site_name\" content=\"Freer Conseiller Spirituel\" \/>\n<meta property=\"article:modified_time\" content=\"2020-01-16T00:45:23+00:00\" \/>\n<meta property=\"og:image\" content=\"https:\/\/diamond.freer.org\/wp-content\/uploads\/2011\/12\/meditation.jpg\" \/>\n<meta name=\"twitter:card\" content=\"summary_large_image\" \/>\n<meta name=\"twitter:label1\" content=\"Dur\u00e9e de lecture estim\u00e9e\" \/>\n\t<meta name=\"twitter:data1\" content=\"3 minutes\" \/>\n<script type=\"application\/ld+json\" class=\"yoast-schema-graph\">{\"@context\":\"https:\/\/schema.org\",\"@graph\":[{\"@type\":\"WebPage\",\"@id\":\"https:\/\/freer.org\/fr\/meditation\/\",\"url\":\"https:\/\/freer.org\/fr\/meditation\/\",\"name\":\"M\u00e9ditation - Freer Conseiller Spirituel\",\"isPartOf\":{\"@id\":\"https:\/\/freer.org\/fr\/#website\"},\"primaryImageOfPage\":{\"@id\":\"https:\/\/freer.org\/fr\/meditation\/#primaryimage\"},\"image\":{\"@id\":\"https:\/\/freer.org\/fr\/meditation\/#primaryimage\"},\"thumbnailUrl\":\"https:\/\/diamond.freer.org\/wp-content\/uploads\/2011\/12\/meditation.jpg\",\"datePublished\":\"2020-01-14T20:39:44+00:00\",\"dateModified\":\"2020-01-16T00:45:23+00:00\",\"breadcrumb\":{\"@id\":\"https:\/\/freer.org\/fr\/meditation\/#breadcrumb\"},\"inLanguage\":\"fr-FR\",\"potentialAction\":[{\"@type\":\"ReadAction\",\"target\":[\"https:\/\/freer.org\/fr\/meditation\/\"]}]},{\"@type\":\"ImageObject\",\"inLanguage\":\"fr-FR\",\"@id\":\"https:\/\/freer.org\/fr\/meditation\/#primaryimage\",\"url\":\"https:\/\/diamond.freer.org\/wp-content\/uploads\/2011\/12\/meditation.jpg\",\"contentUrl\":\"https:\/\/diamond.freer.org\/wp-content\/uploads\/2011\/12\/meditation.jpg\"},{\"@type\":\"BreadcrumbList\",\"@id\":\"https:\/\/freer.org\/fr\/meditation\/#breadcrumb\",\"itemListElement\":[{\"@type\":\"ListItem\",\"position\":1,\"name\":\"Home\",\"item\":\"https:\/\/freer.org\/fr\/\"},{\"@type\":\"ListItem\",\"position\":2,\"name\":\"M\u00e9ditation\"}]},{\"@type\":\"WebSite\",\"@id\":\"https:\/\/freer.org\/fr\/#website\",\"url\":\"https:\/\/freer.org\/fr\/\",\"name\":\"Freer Conseiller Spirituel\",\"description\":\"Jeane F. Diamond - Conseiller spirituel \u00e0 Paris et en Australie\",\"potentialAction\":[{\"@type\":\"SearchAction\",\"target\":{\"@type\":\"EntryPoint\",\"urlTemplate\":\"https:\/\/freer.org\/fr\/?s={search_term_string}\"},\"query-input\":{\"@type\":\"PropertyValueSpecification\",\"valueRequired\":true,\"valueName\":\"search_term_string\"}}],\"inLanguage\":\"fr-FR\"}]}<\/script>\n<!-- \/ Yoast SEO plugin. -->","yoast_head_json":{"title":"M\u00e9ditation - Freer Conseiller Spirituel","robots":{"index":"index","follow":"follow","max-snippet":"max-snippet:-1","max-image-preview":"max-image-preview:large","max-video-preview":"max-video-preview:-1"},"canonical":"https:\/\/freer.org\/fr\/meditation\/","og_locale":"fr_FR","og_type":"article","og_title":"M\u00e9ditation - Freer Conseiller Spirituel","og_description":"Qu\u2019est ce que la m\u00e9ditation? La m\u00e9ditation est une des plus anciennes techniques pour calmer son esprit et se plonger au c\u0153ur du soi. Apprendre \u00e0 \u00eatre seul avec nous-m\u00eames, sans programme, sans jugement et sans autre intention que d\u2019\u00eatre &hellip; Lire la suite","og_url":"https:\/\/freer.org\/fr\/meditation\/","og_site_name":"Freer Conseiller Spirituel","article_modified_time":"2020-01-16T00:45:23+00:00","og_image":[{"url":"https:\/\/diamond.freer.org\/wp-content\/uploads\/2011\/12\/meditation.jpg","type":"","width":"","height":""}],"twitter_card":"summary_large_image","twitter_misc":{"Dur\u00e9e de lecture estim\u00e9e":"3 minutes"},"schema":{"@context":"https:\/\/schema.org","@graph":[{"@type":"WebPage","@id":"https:\/\/freer.org\/fr\/meditation\/","url":"https:\/\/freer.org\/fr\/meditation\/","name":"M\u00e9ditation - Freer Conseiller Spirituel","isPartOf":{"@id":"https:\/\/freer.org\/fr\/#website"},"primaryImageOfPage":{"@id":"https:\/\/freer.org\/fr\/meditation\/#primaryimage"},"image":{"@id":"https:\/\/freer.org\/fr\/meditation\/#primaryimage"},"thumbnailUrl":"https:\/\/diamond.freer.org\/wp-content\/uploads\/2011\/12\/meditation.jpg","datePublished":"2020-01-14T20:39:44+00:00","dateModified":"2020-01-16T00:45:23+00:00","breadcrumb":{"@id":"https:\/\/freer.org\/fr\/meditation\/#breadcrumb"},"inLanguage":"fr-FR","potentialAction":[{"@type":"ReadAction","target":["https:\/\/freer.org\/fr\/meditation\/"]}]},{"@type":"ImageObject","inLanguage":"fr-FR","@id":"https:\/\/freer.org\/fr\/meditation\/#primaryimage","url":"https:\/\/diamond.freer.org\/wp-content\/uploads\/2011\/12\/meditation.jpg","contentUrl":"https:\/\/diamond.freer.org\/wp-content\/uploads\/2011\/12\/meditation.jpg"},{"@type":"BreadcrumbList","@id":"https:\/\/freer.org\/fr\/meditation\/#breadcrumb","itemListElement":[{"@type":"ListItem","position":1,"name":"Home","item":"https:\/\/freer.org\/fr\/"},{"@type":"ListItem","position":2,"name":"M\u00e9ditation"}]},{"@type":"WebSite","@id":"https:\/\/freer.org\/fr\/#website","url":"https:\/\/freer.org\/fr\/","name":"Freer Conseiller Spirituel","description":"Jeane F. Diamond - Conseiller spirituel \u00e0 Paris et en Australie","potentialAction":[{"@type":"SearchAction","target":{"@type":"EntryPoint","urlTemplate":"https:\/\/freer.org\/fr\/?s={search_term_string}"},"query-input":{"@type":"PropertyValueSpecification","valueRequired":true,"valueName":"search_term_string"}}],"inLanguage":"fr-FR"}]}},"taxonomy_info":[],"featured_image_src_large":false,"author_info":{"display_name":"admin","author_link":"https:\/\/freer.org\/fr\/author\/admin\/"},"comment_info":0,"_links":{"self":[{"href":"https:\/\/freer.org\/fr\/wp-json\/wp\/v2\/pages\/661","targetHints":{"allow":["GET"]}}],"collection":[{"href":"https:\/\/freer.org\/fr\/wp-json\/wp\/v2\/pages"}],"about":[{"href":"https:\/\/freer.org\/fr\/wp-json\/wp\/v2\/types\/page"}],"author":[{"embeddable":true,"href":"https:\/\/freer.org\/fr\/wp-json\/wp\/v2\/users\/1"}],"replies":[{"embeddable":true,"href":"https:\/\/freer.org\/fr\/wp-json\/wp\/v2\/comments?post=661"}],"version-history":[{"count":2,"href":"https:\/\/freer.org\/fr\/wp-json\/wp\/v2\/pages\/661\/revisions"}],"predecessor-version":[{"id":779,"href":"https:\/\/freer.org\/fr\/wp-json\/wp\/v2\/pages\/661\/revisions\/779"}],"wp:attachment":[{"href":"https:\/\/freer.org\/fr\/wp-json\/wp\/v2\/media?parent=661"}],"curies":[{"name":"wp","href":"https:\/\/api.w.org\/{rel}","templated":true}]}}